{"id":74,"date":"2025-01-14T22:16:22","date_gmt":"2025-01-14T22:16:22","guid":{"rendered":"https:\/\/defendandrecruit.org\/nos-protegemos\/"},"modified":"2026-03-16T17:33:47","modified_gmt":"2026-03-16T17:33:47","slug":"nos-protegemos","status":"publish","type":"page","link":"https:\/\/defendandrecruit.org\/es\/","title":{"rendered":"Nos protegemos"},"content":{"rendered":"\n<p>Hizo lo que dijo que har\u00eda: las \u00f3rdenes ejecutivas de Trump dirigidas a los inmigrantes son una clara amenaza para millones de personas. Y no solo eso, \u00e9l cree que este es el camino para mantener el control legislativo republicano en 2026. <\/p>\n\n\n\n<p>Pero hay mucho que podemos hacer para asegurarnos de que las familias de nuestras comunidades no sean detenidas por ICE y para exponer a muchas m\u00e1s personas a la realidad de que a MAGA solo le importan los multimillonarios, no los lugares de trabajo y las escuelas que estar\u00e1n en crisis despu\u00e9s de cada detenci\u00f3n. <\/p>\n\n\n\n<p><strong>Descargue un manual para defender a los inmigrantes a continuaci\u00f3n, inscr\u00edbase en una <a href=\"https:\/\/defendandrecruit.org\/es\/events\/\" data-type=\"link\" data-id=\"https:\/\/defendandrecruit.org\/es\/events\/\">capacitaci\u00f3n<\/a> y <a href=\"https:\/\/defendandrecruit.org\/es\/enmaranarse\/\">\u00fanase a la lucha<\/a> .<\/strong><\/p>\n\n\n\n<div class=\"wp-block-cover aligncenter\"><span aria-hidden=\"true\" class=\"wp-block-cover__background has-primary-background-color has-background-dim-100 has-background-dim\"><\/span><div class=\"wp-block-cover__inner-container is-layout-constrained wp-block-cover-is-layout-constrained\">\n<link href='https:\/\/actionnetwork.org\/css\/style-embed-whitelabel-v3.css' rel='stylesheet' type='text\/css' \/><script src='https:\/\/actionnetwork.org\/widgets\/v5\/form\/defend-recruit-workbook-2?format=js&#038;source=widget'><\/script><div id='can-form-area-defend-recruit-workbook-2' style='width: 100%'><!-- this div is the target for our HTML insertion --><\/div>\n<\/div><\/div>\n","protected":false},"excerpt":{"rendered":"<p>Hizo lo que dijo que har\u00eda: las \u00f3rdenes ejecutivas de Trump dirigidas a los inmigrantes son una clara amenaza para millones de personas. Y no solo eso, \u00e9l cree que este es el camino para mantener el control legislativo republicano en 2026. Pero hay mucho que podemos hacer para asegurarnos de que las familias de<a href=\"https:\/\/defendandrecruit.org\/es\/\">Continue reading <span class=\"sr-only\">\u00abNos protegemos\u00bb<\/span><\/a><\/p>\n","protected":false},"author":2,"featured_media":0,"parent":0,"menu_order":0,"comment_status":"closed","ping_status":"closed","template":"","meta":{"_acf_changed":false,"footnotes":""},"class_list":["post-74","page","type-page","status-publish","hentry"],"acf":[],"mb":[],"yoast_head":"<!-- This site is optimized with the Yoast SEO plugin v27.3 - https:\/\/yoast.com\/product\/yoast-seo-wordpress\/ -->\n<title>Nos protegemos - Defender y Reclutar<\/title>\n<meta name=\"robots\" content=\"index, follow, max-snippet:-1, max-image-preview:large, max-video-preview:-1\" \/>\n<link rel=\"canonical\" href=\"https:\/\/defendandrecruit.org\/es\/\" \/>\n<meta property=\"og:locale\" content=\"es_ES\" \/>\n<meta property=\"og:type\" content=\"article\" \/>\n<meta property=\"og:title\" content=\"Nos protegemos - Defender y Reclutar\" \/>\n<meta property=\"og:description\" content=\"Hizo lo que dijo que har\u00eda: las \u00f3rdenes ejecutivas de Trump dirigidas a los inmigrantes son una clara amenaza para millones de personas. Y no solo eso, \u00e9l cree que este es el camino para mantener el control legislativo republicano en 2026. Pero hay mucho que podemos hacer para asegurarnos de que las familias deContinue reading &quot;Nos protegemos&quot;\" \/>\n<meta property=\"og:url\" content=\"https:\/\/defendandrecruit.org\/es\/\" \/>\n<meta property=\"og:site_name\" content=\"Defender y Reclutar\" \/>\n<meta property=\"article:modified_time\" content=\"2026-03-16T17:33:47+00:00\" \/>\n<meta name=\"twitter:card\" content=\"summary_large_image\" \/>\n<meta name=\"twitter:label1\" content=\"Est. reading time\" \/>\n\t<meta name=\"twitter:data1\" content=\"1 minuto\" \/>\n<script type=\"application\/ld+json\" class=\"yoast-schema-graph\">{\"@context\":\"https:\\\/\\\/schema.org\",\"@graph\":[{\"@type\":\"WebPage\",\"@id\":\"https:\\\/\\\/defendandrecruit.org\\\/es\\\/\",\"url\":\"https:\\\/\\\/defendandrecruit.org\\\/es\\\/\",\"name\":\"Nos protegemos - Defender y Reclutar\",\"isPartOf\":{\"@id\":\"https:\\\/\\\/defendandrecruit.org\\\/es\\\/#website\"},\"datePublished\":\"2025-01-14T22:16:22+00:00\",\"dateModified\":\"2026-03-16T17:33:47+00:00\",\"breadcrumb\":{\"@id\":\"https:\\\/\\\/defendandrecruit.org\\\/es\\\/#breadcrumb\"},\"inLanguage\":\"es\",\"potentialAction\":[{\"@type\":\"ReadAction\",\"target\":[\"https:\\\/\\\/defendandrecruit.org\\\/es\\\/\"]}]},{\"@type\":\"BreadcrumbList\",\"@id\":\"https:\\\/\\\/defendandrecruit.org\\\/es\\\/#breadcrumb\",\"itemListElement\":[{\"@type\":\"ListItem\",\"position\":1,\"name\":\"Home\",\"item\":\"https:\\\/\\\/defendandrecruit.org\\\/es\\\/\"},{\"@type\":\"ListItem\",\"position\":2,\"name\":\"Nos protegemos\"}]},{\"@type\":\"WebSite\",\"@id\":\"https:\\\/\\\/defendandrecruit.org\\\/es\\\/#website\",\"url\":\"https:\\\/\\\/defendandrecruit.org\\\/es\\\/\",\"name\":\"Defend and Recruit\",\"description\":\"\u00a1Juntos podemos!\",\"publisher\":{\"@id\":\"https:\\\/\\\/defendandrecruit.org\\\/es\\\/#organization\"},\"potentialAction\":[{\"@type\":\"SearchAction\",\"target\":{\"@type\":\"EntryPoint\",\"urlTemplate\":\"https:\\\/\\\/defendandrecruit.org\\\/es\\\/?s={search_term_string}\"},\"query-input\":{\"@type\":\"PropertyValueSpecification\",\"valueRequired\":true,\"valueName\":\"search_term_string\"}}],\"inLanguage\":\"es\"},{\"@type\":\"Organization\",\"@id\":\"https:\\\/\\\/defendandrecruit.org\\\/es\\\/#organization\",\"name\":\"Defend and Recruit\",\"url\":\"https:\\\/\\\/defendandrecruit.org\\\/es\\\/\",\"logo\":{\"@type\":\"ImageObject\",\"inLanguage\":\"es\",\"@id\":\"https:\\\/\\\/defendandrecruit.org\\\/es\\\/#\\\/schema\\\/logo\\\/image\\\/\",\"url\":\"https:\\\/\\\/defendandrecruit.org\\\/wp-content\\\/uploads\\\/2025\\\/01\\\/defend-esp-1-1-e1737523934209.png\",\"contentUrl\":\"https:\\\/\\\/defendandrecruit.org\\\/wp-content\\\/uploads\\\/2025\\\/01\\\/defend-esp-1-1-e1737523934209.png\",\"width\":483,\"height\":196,\"caption\":\"Defend and Recruit\"},\"image\":{\"@id\":\"https:\\\/\\\/defendandrecruit.org\\\/es\\\/#\\\/schema\\\/logo\\\/image\\\/\"}}]}<\/script>\n<!-- \/ Yoast SEO plugin. -->","yoast_head_json":{"title":"Nos protegemos - Defender y Reclutar","robots":{"index":"index","follow":"follow","max-snippet":"max-snippet:-1","max-image-preview":"max-image-preview:large","max-video-preview":"max-video-preview:-1"},"canonical":"https:\/\/defendandrecruit.org\/es\/","og_locale":"es_ES","og_type":"article","og_title":"Nos protegemos - Defender y Reclutar","og_description":"Hizo lo que dijo que har\u00eda: las \u00f3rdenes ejecutivas de Trump dirigidas a los inmigrantes son una clara amenaza para millones de personas. Y no solo eso, \u00e9l cree que este es el camino para mantener el control legislativo republicano en 2026. Pero hay mucho que podemos hacer para asegurarnos de que las familias deContinue reading \"Nos protegemos\"","og_url":"https:\/\/defendandrecruit.org\/es\/","og_site_name":"Defender y Reclutar","article_modified_time":"2026-03-16T17:33:47+00:00","twitter_card":"summary_large_image","twitter_misc":{"Est. reading time":"1 minuto"},"schema":{"@context":"https:\/\/schema.org","@graph":[{"@type":"WebPage","@id":"https:\/\/defendandrecruit.org\/es\/","url":"https:\/\/defendandrecruit.org\/es\/","name":"Nos protegemos - Defender y Reclutar","isPartOf":{"@id":"https:\/\/defendandrecruit.org\/es\/#website"},"datePublished":"2025-01-14T22:16:22+00:00","dateModified":"2026-03-16T17:33:47+00:00","breadcrumb":{"@id":"https:\/\/defendandrecruit.org\/es\/#breadcrumb"},"inLanguage":"es","potentialAction":[{"@type":"ReadAction","target":["https:\/\/defendandrecruit.org\/es\/"]}]},{"@type":"BreadcrumbList","@id":"https:\/\/defendandrecruit.org\/es\/#breadcrumb","itemListElement":[{"@type":"ListItem","position":1,"name":"Home","item":"https:\/\/defendandrecruit.org\/es\/"},{"@type":"ListItem","position":2,"name":"Nos protegemos"}]},{"@type":"WebSite","@id":"https:\/\/defendandrecruit.org\/es\/#website","url":"https:\/\/defendandrecruit.org\/es\/","name":"Defend and Recruit","description":"\u00a1Juntos podemos!","publisher":{"@id":"https:\/\/defendandrecruit.org\/es\/#organization"},"potentialAction":[{"@type":"SearchAction","target":{"@type":"EntryPoint","urlTemplate":"https:\/\/defendandrecruit.org\/es\/?s={search_term_string}"},"query-input":{"@type":"PropertyValueSpecification","valueRequired":true,"valueName":"search_term_string"}}],"inLanguage":"es"},{"@type":"Organization","@id":"https:\/\/defendandrecruit.org\/es\/#organization","name":"Defend and Recruit","url":"https:\/\/defendandrecruit.org\/es\/","logo":{"@type":"ImageObject","inLanguage":"es","@id":"https:\/\/defendandrecruit.org\/es\/#\/schema\/logo\/image\/","url":"https:\/\/defendandrecruit.org\/wp-content\/uploads\/2025\/01\/defend-esp-1-1-e1737523934209.png","contentUrl":"https:\/\/defendandrecruit.org\/wp-content\/uploads\/2025\/01\/defend-esp-1-1-e1737523934209.png","width":483,"height":196,"caption":"Defend and Recruit"},"image":{"@id":"https:\/\/defendandrecruit.org\/es\/#\/schema\/logo\/image\/"}}]}},"mfb_rest_fields":["title","yoast_head","yoast_head_json"],"_links":{"self":[{"href":"https:\/\/defendandrecruit.org\/es\/wp-json\/wp\/v2\/pages\/74","targetHints":{"allow":["GET"]}}],"collection":[{"href":"https:\/\/defendandrecruit.org\/es\/wp-json\/wp\/v2\/pages"}],"about":[{"href":"https:\/\/defendandrecruit.org\/es\/wp-json\/wp\/v2\/types\/page"}],"author":[{"embeddable":true,"href":"https:\/\/defendandrecruit.org\/es\/wp-json\/wp\/v2\/users\/2"}],"replies":[{"embeddable":true,"href":"https:\/\/defendandrecruit.org\/es\/wp-json\/wp\/v2\/comments?post=74"}],"version-history":[{"count":0,"href":"https:\/\/defendandrecruit.org\/es\/wp-json\/wp\/v2\/pages\/74\/revisions"}],"wp:attachment":[{"href":"https:\/\/defendandrecruit.org\/es\/wp-json\/wp\/v2\/media?parent=74"}],"curies":[{"name":"wp","href":"https:\/\/api.w.org\/{rel}","templated":true}]}}