{"id":75,"date":"2025-01-14T22:16:39","date_gmt":"2025-01-14T22:16:39","guid":{"rendered":"https:\/\/defendandrecruit.org\/enmaranarse\/"},"modified":"2026-02-16T09:58:22","modified_gmt":"2026-02-16T09:58:22","slug":"enmaranarse","status":"publish","type":"page","link":"https:\/\/defendandrecruit.org\/es\/enmaranarse\/","title":{"rendered":"Invol\u00facrate m\u00e1s"},"content":{"rendered":"\n<p>\u00bfQuieres construir en tu comunidad? \u00bfDesmentir informaci\u00f3n err\u00f3nea en l\u00ednea? \u00bfApoyar a otros para proteger su comunidad?<\/p>\n\n\n\n<div class=\"wp-block-cover aligncenter\"><span aria-hidden=\"true\" class=\"wp-block-cover__background has-primary-background-color has-background-dim-100 has-background-dim\"><\/span><div class=\"wp-block-cover__inner-container is-layout-constrained wp-block-cover-is-layout-constrained\">\n<link href='https:\/\/actionnetwork.org\/css\/style-embed-whitelabel-v3.css' rel='stylesheet' type='text\/css' \/><script src='https:\/\/actionnetwork.org\/widgets\/v5\/form\/quien-eres?format=js&#038;source=widget'><\/script><div id='can-form-area-quien-eres' style='width: 100%'><!-- this div is the target for our HTML insertion --><\/div>\n<\/div><\/div>\n","protected":false},"excerpt":{"rendered":"<p>\u00bfQuieres construir en tu comunidad? \u00bfDesmentir informaci\u00f3n err\u00f3nea en l\u00ednea? \u00bfApoyar a otros para proteger su comunidad?<\/p>\n","protected":false},"author":2,"featured_media":0,"parent":0,"menu_order":0,"comment_status":"closed","ping_status":"closed","template":"","meta":{"_acf_changed":false,"footnotes":""},"class_list":["post-75","page","type-page","status-publish","hentry"],"acf":[],"mb":[],"yoast_head":"<!-- This site is optimized with the Yoast SEO plugin v27.2 - https:\/\/yoast.com\/product\/yoast-seo-wordpress\/ -->\n<title>Invol\u00facrate m\u00e1s - Defender y Reclutar<\/title>\n<meta name=\"robots\" content=\"index, follow, max-snippet:-1, max-image-preview:large, max-video-preview:-1\" \/>\n<link rel=\"canonical\" href=\"https:\/\/defendandrecruit.org\/es\/enmaranarse\/\" \/>\n<meta property=\"og:locale\" content=\"es_ES\" \/>\n<meta property=\"og:type\" content=\"article\" \/>\n<meta property=\"og:title\" content=\"Invol\u00facrate m\u00e1s - Defender y Reclutar\" \/>\n<meta property=\"og:description\" content=\"\u00bfQuieres construir en tu comunidad? \u00bfDesmentir informaci\u00f3n err\u00f3nea en l\u00ednea? \u00bfApoyar a otros para proteger su comunidad?\" \/>\n<meta property=\"og:url\" content=\"https:\/\/defendandrecruit.org\/es\/enmaranarse\/\" \/>\n<meta property=\"og:site_name\" content=\"Defender y Reclutar\" \/>\n<meta property=\"article:modified_time\" content=\"2026-02-16T09:58:22+00:00\" \/>\n<meta name=\"twitter:card\" content=\"summary_large_image\" \/>\n<script type=\"application\/ld+json\" class=\"yoast-schema-graph\">{\"@context\":\"https:\/\/schema.org\",\"@graph\":[{\"@type\":\"WebPage\",\"@id\":\"https:\/\/defendandrecruit.org\/es\/enmaranarse\/\",\"url\":\"https:\/\/defendandrecruit.org\/es\/enmaranarse\/\",\"name\":\"Invol\u00facrate m\u00e1s - Defender y Reclutar\",\"isPartOf\":{\"@id\":\"https:\/\/defendandrecruit.org\/es\/#website\"},\"datePublished\":\"2025-01-14T22:16:39+00:00\",\"dateModified\":\"2026-02-16T09:58:22+00:00\",\"breadcrumb\":{\"@id\":\"https:\/\/defendandrecruit.org\/es\/enmaranarse\/#breadcrumb\"},\"inLanguage\":\"es\",\"potentialAction\":[{\"@type\":\"ReadAction\",\"target\":[\"https:\/\/defendandrecruit.org\/es\/enmaranarse\/\"]}]},{\"@type\":\"BreadcrumbList\",\"@id\":\"https:\/\/defendandrecruit.org\/es\/enmaranarse\/#breadcrumb\",\"itemListElement\":[{\"@type\":\"ListItem\",\"position\":1,\"name\":\"Home\",\"item\":\"https:\/\/defendandrecruit.org\/es\/\"},{\"@type\":\"ListItem\",\"position\":2,\"name\":\"Invol\u00facrate m\u00e1s\"}]},{\"@type\":\"WebSite\",\"@id\":\"https:\/\/defendandrecruit.org\/es\/#website\",\"url\":\"https:\/\/defendandrecruit.org\/es\/\",\"name\":\"Defend and Recruit\",\"description\":\"\u00a1Juntos podemos!\",\"publisher\":{\"@id\":\"https:\/\/defendandrecruit.org\/es\/#organization\"},\"potentialAction\":[{\"@type\":\"SearchAction\",\"target\":{\"@type\":\"EntryPoint\",\"urlTemplate\":\"https:\/\/defendandrecruit.org\/es\/?s={search_term_string}\"},\"query-input\":{\"@type\":\"PropertyValueSpecification\",\"valueRequired\":true,\"valueName\":\"search_term_string\"}}],\"inLanguage\":\"es\"},{\"@type\":\"Organization\",\"@id\":\"https:\/\/defendandrecruit.org\/es\/#organization\",\"name\":\"Defend and Recruit\",\"url\":\"https:\/\/defendandrecruit.org\/es\/\",\"logo\":{\"@type\":\"ImageObject\",\"inLanguage\":\"es\",\"@id\":\"https:\/\/defendandrecruit.org\/es\/#\/schema\/logo\/image\/\",\"url\":\"https:\/\/defendandrecruit.org\/wp-content\/uploads\/2025\/01\/defend-esp-1-1-e1737523934209.png\",\"contentUrl\":\"https:\/\/defendandrecruit.org\/wp-content\/uploads\/2025\/01\/defend-esp-1-1-e1737523934209.png\",\"width\":483,\"height\":196,\"caption\":\"Defend and Recruit\"},\"image\":{\"@id\":\"https:\/\/defendandrecruit.org\/es\/#\/schema\/logo\/image\/\"}}]}<\/script>\n<!-- \/ Yoast SEO plugin. -->","yoast_head_json":{"title":"Invol\u00facrate m\u00e1s - Defender y Reclutar","robots":{"index":"index","follow":"follow","max-snippet":"max-snippet:-1","max-image-preview":"max-image-preview:large","max-video-preview":"max-video-preview:-1"},"canonical":"https:\/\/defendandrecruit.org\/es\/enmaranarse\/","og_locale":"es_ES","og_type":"article","og_title":"Invol\u00facrate m\u00e1s - Defender y Reclutar","og_description":"\u00bfQuieres construir en tu comunidad? \u00bfDesmentir informaci\u00f3n err\u00f3nea en l\u00ednea? \u00bfApoyar a otros para proteger su comunidad?","og_url":"https:\/\/defendandrecruit.org\/es\/enmaranarse\/","og_site_name":"Defender y Reclutar","article_modified_time":"2026-02-16T09:58:22+00:00","twitter_card":"summary_large_image","schema":{"@context":"https:\/\/schema.org","@graph":[{"@type":"WebPage","@id":"https:\/\/defendandrecruit.org\/es\/enmaranarse\/","url":"https:\/\/defendandrecruit.org\/es\/enmaranarse\/","name":"Invol\u00facrate m\u00e1s - Defender y Reclutar","isPartOf":{"@id":"https:\/\/defendandrecruit.org\/es\/#website"},"datePublished":"2025-01-14T22:16:39+00:00","dateModified":"2026-02-16T09:58:22+00:00","breadcrumb":{"@id":"https:\/\/defendandrecruit.org\/es\/enmaranarse\/#breadcrumb"},"inLanguage":"es","potentialAction":[{"@type":"ReadAction","target":["https:\/\/defendandrecruit.org\/es\/enmaranarse\/"]}]},{"@type":"BreadcrumbList","@id":"https:\/\/defendandrecruit.org\/es\/enmaranarse\/#breadcrumb","itemListElement":[{"@type":"ListItem","position":1,"name":"Home","item":"https:\/\/defendandrecruit.org\/es\/"},{"@type":"ListItem","position":2,"name":"Invol\u00facrate m\u00e1s"}]},{"@type":"WebSite","@id":"https:\/\/defendandrecruit.org\/es\/#website","url":"https:\/\/defendandrecruit.org\/es\/","name":"Defend and Recruit","description":"\u00a1Juntos podemos!","publisher":{"@id":"https:\/\/defendandrecruit.org\/es\/#organization"},"potentialAction":[{"@type":"SearchAction","target":{"@type":"EntryPoint","urlTemplate":"https:\/\/defendandrecruit.org\/es\/?s={search_term_string}"},"query-input":{"@type":"PropertyValueSpecification","valueRequired":true,"valueName":"search_term_string"}}],"inLanguage":"es"},{"@type":"Organization","@id":"https:\/\/defendandrecruit.org\/es\/#organization","name":"Defend and Recruit","url":"https:\/\/defendandrecruit.org\/es\/","logo":{"@type":"ImageObject","inLanguage":"es","@id":"https:\/\/defendandrecruit.org\/es\/#\/schema\/logo\/image\/","url":"https:\/\/defendandrecruit.org\/wp-content\/uploads\/2025\/01\/defend-esp-1-1-e1737523934209.png","contentUrl":"https:\/\/defendandrecruit.org\/wp-content\/uploads\/2025\/01\/defend-esp-1-1-e1737523934209.png","width":483,"height":196,"caption":"Defend and Recruit"},"image":{"@id":"https:\/\/defendandrecruit.org\/es\/#\/schema\/logo\/image\/"}}]}},"mfb_rest_fields":["title","yoast_head","yoast_head_json"],"_links":{"self":[{"href":"https:\/\/defendandrecruit.org\/es\/wp-json\/wp\/v2\/pages\/75","targetHints":{"allow":["GET"]}}],"collection":[{"href":"https:\/\/defendandrecruit.org\/es\/wp-json\/wp\/v2\/pages"}],"about":[{"href":"https:\/\/defendandrecruit.org\/es\/wp-json\/wp\/v2\/types\/page"}],"author":[{"embeddable":true,"href":"https:\/\/defendandrecruit.org\/es\/wp-json\/wp\/v2\/users\/2"}],"replies":[{"embeddable":true,"href":"https:\/\/defendandrecruit.org\/es\/wp-json\/wp\/v2\/comments?post=75"}],"version-history":[{"count":0,"href":"https:\/\/defendandrecruit.org\/es\/wp-json\/wp\/v2\/pages\/75\/revisions"}],"wp:attachment":[{"href":"https:\/\/defendandrecruit.org\/es\/wp-json\/wp\/v2\/media?parent=75"}],"curies":[{"name":"wp","href":"https:\/\/api.w.org\/{rel}","templated":true}]}}